{"id":118,"date":"2019-05-03T14:47:11","date_gmt":"2019-05-03T12:47:11","guid":{"rendered":"http:\/\/www.test2.medievalesbonaguil.fr\/?page_id=118"},"modified":"2025-06-26T15:25:05","modified_gmt":"2025-06-26T13:25:05","slug":"animations","status":"publish","type":"page","link":"https:\/\/www.medievalesbonaguil.fr\/current\/animations\/","title":{"rendered":"Animations"},"content":{"rendered":"\n<h4 style=\"text-align: center;\"><span style=\"text-decoration: underline;\">Les animations et ateliers \u00e0 l\u2019int\u00e9rieur du ch\u00e2teau sont gratuits.<\/span><\/h4>\n\n\n\n\n\n<h2 class=\"wp-block-heading has-text-align-center\">Difficile de r\u00eaver \nplus beau d\u00e9cor que le Ch\u00e2teau de Bonaguil pour ouvrir les portes du \ntemps, l\u2019espace d\u2019un week-end, parmi les vieilles pierres o\u00f9 l\u2019histoire \nreste vivante avec :<\/h2>\n\n\n\n<h4 style=\"text-align: center;\">Musique<\/h4>\n<h4 style=\"text-align: center;\">Contes et grimages<\/h4>\n<h4 style=\"text-align: center;\">Vie de camps<\/h4>\n<h4 style=\"text-align: center;\">Cuisine m\u00e9di\u00e9vale<\/h4>\n<h4 style=\"text-align: center;\">M\u00e9decine m\u00e9di\u00e9vale<\/h4>\n<h4 style=\"text-align: center;\">Escrime m\u00e9di\u00e9vale<\/h4>\n<h4 style=\"text-align: center;\">Lanc\u00e9 de hache<\/h4>\n<h4 style=\"text-align: center;\">Poterie<\/h4>\n<h4 style=\"text-align: center;\">A la rencontre des plantes sauvages<\/h4>\n<h4 style=\"text-align: center;\">Association les C.O.M.P.A.A.S.: Petits et grands pourront sculpter leur pierre<\/h4>\n<h4 style=\"text-align: center;\">Le Tir Sportif Fum\u00e9lois : Tir \u00e0 l\u2019arbal\u00e8te<\/h4>\n<h4 style=\"text-align: center;\">Musique et jonglage de feu<\/h4>\n\n\n\n<h4 class=\"wp-block-heading has-text-align-center\">L\u2019association des m\u00e9di\u00e9vales vous proposera divers ateliers et animations :<\/h4>\n\n\n\n<h4 style=\"text-align: center;\">Contes et grimages<\/h4>\n<h4 style=\"text-align: center;\">Silhouettes en bois<\/h4>\n<h4 style=\"text-align: center;\">Jeux m\u00e9di\u00e9vaux g\u00e9ants<\/h4>\n<h4 style=\"text-align: center;\">\u00a0<\/h4>\n\n\n\n<h2 class=\"wp-block-heading has-text-align-center\">Les pitchouns (les enfants) pourront plus particuli\u00e8rement participer aux ateliers suivants :<\/h2>\n\n\n\n<h4 style=\"text-align: center;\">Jeux m\u00e9di\u00e9vaux g\u00e9ants<\/h4>\n<p>\u00a0<\/p>\n<h4 style=\"text-align: center;\">Silhouettes en bois<\/h4>\n<p>\u00a0<\/p>\n<h4 style=\"text-align: center;\">Poterie<\/h4>\n<p>\u00a0<\/p>\n<h4 style=\"text-align: center;\">Contes et grimages<\/h4>\n<p>\u00a0<\/p>\n<h4 style=\"text-align: center;\">Association les C.O.M.P.A.A.S.: Petits et grands pourront sculpter leur pierre<\/h4>\n<p>\u00a0<\/p>\n<h4 style=\"text-align: center;\">Le Tir Sportif Fum\u00e9lois : Tir \u00e0 l\u2019arbal\u00e8te<\/h4>\n<p>\u00a0<\/p>\n<h4 style=\"text-align: center;\">\u00a0<\/h4>\n<p>\u00a0<\/p>\n<h4 style=\"text-align: center;\">\u00a0<\/h4>\n<p>\u00a0<\/p>\n<h4>\u00a0<\/h4>\n\n\n","protected":false},"excerpt":{"rendered":"<p>Les animations et ateliers \u00e0 l\u2019int\u00e9rieur du ch\u00e2teau sont gratuits. Difficile de r\u00eaver plus beau d\u00e9cor que le Ch\u00e2teau de Bonaguil pour ouvrir les portes du temps, l\u2019espace d\u2019un week-end, parmi les vieilles pierres o\u00f9 l\u2019histoire reste vivante avec : Musique Contes et grimages Vie de camps Cuisine m\u00e9di\u00e9vale M\u00e9decine m\u00e9di\u00e9vale Escrime m\u00e9di\u00e9vale Lanc\u00e9 de hache Poterie A la rencontre des plantes sauvages Association les C.O.M.P.A.A.S.: Petits et grands pourront sculpter leur pierre Le Tir Sportif Fum\u00e9lois : Tir \u00e0 l\u2019arbal\u00e8te Musique et jonglage de feu L\u2019association des m\u00e9di\u00e9vales vous proposera divers ateliers et animations : Contes et grimages Silhouettes en bois Jeux m\u00e9di\u00e9vaux g\u00e9ants \u00a0 Les pitchouns (les enfants) pourront plus particuli\u00e8rement participer aux ateliers suivants : Jeux m\u00e9di\u00e9vaux g\u00e9ants \u00a0 Silhouettes en bois \u00a0 Poterie \u00a0 Contes et grimages \u00a0 Association les C.O.M.P.A.A.S.: Petits et grands pourront sculpter leur pierre \u00a0 Le Tir Sportif Fum\u00e9lois : Tir \u00e0 l\u2019arbal\u00e8te \u00a0 \u00a0 \u00a0 \u00a0 \u00a0 \u00a0<\/p>\n","protected":false},"author":1,"featured_media":0,"parent":0,"menu_order":0,"comment_status":"closed","ping_status":"closed","template":"","meta":{"footnotes":""},"class_list":["post-118","page","type-page","status-publish","hentry"],"jetpack_sharing_enabled":true,"_links":{"self":[{"href":"https:\/\/www.medievalesbonaguil.fr\/current\/wp-json\/wp\/v2\/pages\/118","targetHints":{"allow":["GET"]}}],"collection":[{"href":"https:\/\/www.medievalesbonaguil.fr\/current\/wp-json\/wp\/v2\/pages"}],"about":[{"href":"https:\/\/www.medievalesbonaguil.fr\/current\/wp-json\/wp\/v2\/types\/page"}],"author":[{"embeddable":true,"href":"https:\/\/www.medievalesbonaguil.fr\/current\/wp-json\/wp\/v2\/users\/1"}],"replies":[{"embeddable":true,"href":"https:\/\/www.medievalesbonaguil.fr\/current\/wp-json\/wp\/v2\/comments?post=118"}],"version-history":[{"count":34,"href":"https:\/\/www.medievalesbonaguil.fr\/current\/wp-json\/wp\/v2\/pages\/118\/revisions"}],"predecessor-version":[{"id":35004,"href":"https:\/\/www.medievalesbonaguil.fr\/current\/wp-json\/wp\/v2\/pages\/118\/revisions\/35004"}],"wp:attachment":[{"href":"https:\/\/www.medievalesbonaguil.fr\/current\/wp-json\/wp\/v2\/media?parent=118"}],"curies":[{"name":"wp","href":"https:\/\/api.w.org\/{rel}","templated":true}]}}