{"id":7,"date":"2019-03-10T17:17:53","date_gmt":"2019-03-10T16:17:53","guid":{"rendered":"http:\/\/www.test2.medievalesbonaguil.fr\/?page_id=7"},"modified":"2025-07-03T15:34:50","modified_gmt":"2025-07-03T13:34:50","slug":"communique-2","status":"publish","type":"page","link":"https:\/\/www.medievalesbonaguil.fr\/current\/","title":{"rendered":"Accueil"},"content":{"rendered":"\n\n\n\n\n\n\n<h2 class=\"has-text-align-center has-large-font-size wp-block-heading\">Oyez ! Oyez !<\/h2>\n<p>\u00a0<\/p>\n<p class=\"has-text-align-center has-medium-font-size\">Bonnes gens du 21e si\u00e8cle,<\/p>\n<p>\u00a0<\/p>\n<p class=\"has-text-align-center has-medium-font-size\">Nobles Seigneurs, Messires et Gentes Dames,<\/p>\n<p>\u00a0<\/p>\n<p class=\"has-text-align-center has-medium-font-size\">Damoiseaux et Damoiselles,<\/p>\n<p>\u00a0<\/p>\n<p class=\"has-text-align-center has-medium-font-size\">C\u2019est avec un tr\u00e8s grand plaisir que l\u2019on vous retrouvera pour nos<\/p>\n<p>\u00a0<\/p>\n<p class=\"has-text-align-center has-medium-font-size\">XXIII\u00e8mes m\u00e9di\u00e9vales<\/p>\n<p>\u00a0<\/p>\n<h2 class=\"has-text-align-center has-large-font-size wp-block-heading\">les 5 et 6 juillet 2025<\/h2>\n<p>\u00a0<\/p>\n<h2 class=\"has-text-align-center has-large-font-size wp-block-heading\">au ch\u00e2teau de Bonaguil.<\/h2>\n<p>\u00a0<\/p>\n<p class=\"has-text-align-center has-medium-font-size\">Laissez-vous transporter pour un voyage inoubliable<\/p>\n<p>\u00a0<\/p>\n<p class=\"has-text-align-center has-medium-font-size\">o\u00f9 petits et grands pourront vivre le moyen-\u00e2ge comme si ils y \u00e9taient !<\/p>\n<p>\u00a0<\/p>\n<p>\u00a0<\/p>\n\n\n\n<h1 style=\"text-align: center;\">Samedi matin 11h00:<\/h1>\n<h1 style=\"text-align: center;\">D\u00e9part du d\u00e9fil\u00e9 d&rsquo;ouverture du bas du village de Bonaguil pour une d\u00e9ambulation en musique sur le sentier vers \u00ab\u00a0la bonne aiguille\u00a0\u00bb<\/h1>\n<p>&nbsp;<\/p>\n<p>&nbsp;<\/p>\n<p>&nbsp;<\/p>\n\n\n\n<h1 style=\"text-align: center;\">SPECTACLE DU SAMEDI SOIR<\/h1>\n<p>\u00a0<\/p>\n\n\n\n<figure class=\"wp-block-video aligncenter\"><video controls src=\"https:\/\/www.medievalesbonaguil.fr\/current\/wp-content\/uploads\/2025\/07\/WhatsApp-Video-2025-07-03-at-15.15.10.mp4\"><\/video><\/figure>\n","protected":false},"excerpt":{"rendered":"<p>Oyez ! Oyez ! \u00a0 Bonnes gens du 21e si\u00e8cle, \u00a0 Nobles Seigneurs, Messires et Gentes Dames, \u00a0 Damoiseaux et Damoiselles, \u00a0 C\u2019est avec un tr\u00e8s grand plaisir que l\u2019on vous retrouvera pour nos \u00a0 XXIII\u00e8mes m\u00e9di\u00e9vales \u00a0 les 5 et 6 juillet 2025 \u00a0 au ch\u00e2teau de Bonaguil. \u00a0 Laissez-vous transporter pour un voyage inoubliable \u00a0 o\u00f9 petits et grands pourront vivre le moyen-\u00e2ge comme si ils y \u00e9taient ! \u00a0 \u00a0 Samedi matin 11h00: D\u00e9part du d\u00e9fil\u00e9 d&rsquo;ouverture du bas du village de Bonaguil pour une d\u00e9ambulation en musique sur le sentier vers \u00ab\u00a0la bonne aiguille\u00a0\u00bb &nbsp; &nbsp; &nbsp; SPECTACLE DU SAMEDI SOIR \u00a0<\/p>\n","protected":false},"author":1,"featured_media":0,"parent":0,"menu_order":0,"comment_status":"closed","ping_status":"closed","template":"","meta":{"footnotes":""},"class_list":["post-7","page","type-page","status-publish","hentry"],"jetpack_sharing_enabled":true,"_links":{"self":[{"href":"https:\/\/www.medievalesbonaguil.fr\/current\/wp-json\/wp\/v2\/pages\/7","targetHints":{"allow":["GET"]}}],"collection":[{"href":"https:\/\/www.medievalesbonaguil.fr\/current\/wp-json\/wp\/v2\/pages"}],"about":[{"href":"https:\/\/www.medievalesbonaguil.fr\/current\/wp-json\/wp\/v2\/types\/page"}],"author":[{"embeddable":true,"href":"https:\/\/www.medievalesbonaguil.fr\/current\/wp-json\/wp\/v2\/users\/1"}],"replies":[{"embeddable":true,"href":"https:\/\/www.medievalesbonaguil.fr\/current\/wp-json\/wp\/v2\/comments?post=7"}],"version-history":[{"count":38,"href":"https:\/\/www.medievalesbonaguil.fr\/current\/wp-json\/wp\/v2\/pages\/7\/revisions"}],"predecessor-version":[{"id":35077,"href":"https:\/\/www.medievalesbonaguil.fr\/current\/wp-json\/wp\/v2\/pages\/7\/revisions\/35077"}],"wp:attachment":[{"href":"https:\/\/www.medievalesbonaguil.fr\/current\/wp-json\/wp\/v2\/media?parent=7"}],"curies":[{"name":"wp","href":"https:\/\/api.w.org\/{rel}","templated":true}]}}