{"id":9,"date":"2019-03-10T17:17:53","date_gmt":"2019-03-10T16:17:53","guid":{"rendered":"http:\/\/www.test2.medievalesbonaguil.fr\/?page_id=9"},"modified":"2025-01-19T19:30:50","modified_gmt":"2025-01-19T18:30:50","slug":"renseignements","status":"publish","type":"page","link":"https:\/\/www.medievalesbonaguil.fr\/current\/renseignements\/","title":{"rendered":"Renseignements"},"content":{"rendered":"\n\n\n<div class=\"wp-block-columns are-vertically-aligned-center is-layout-flex wp-container-core-columns-is-layout-9d6595d7 wp-block-columns-is-layout-flex\">\n<div class=\"wp-block-column is-layout-flow wp-block-column-is-layout-flow\">\n<figure class=\"wp-block-image size-full is-resized\"><img data-recalc-dims=\"1\" loading=\"lazy\" decoding=\"async\" width=\"222\" height=\"235\" data-attachment-id=\"649\" data-permalink=\"https:\/\/www.medievalesbonaguil.fr\/current\/carte_fd_blanc\/\" data-orig-file=\"https:\/\/i0.wp.com\/www.medievalesbonaguil.fr\/current\/wp-content\/uploads\/2019\/06\/carte_fd_blanc.png?fit=222%2C235&amp;ssl=1\" data-orig-size=\"222,235\" data-comments-opened=\"1\" data-image-meta=\"{&quot;aperture&quot;:&quot;0&quot;,&quot;credit&quot;:&quot;&quot;,&quot;camera&quot;:&quot;&quot;,&quot;caption&quot;:&quot;&quot;,&quot;created_timestamp&quot;:&quot;0&quot;,&quot;copyright&quot;:&quot;&quot;,&quot;focal_length&quot;:&quot;0&quot;,&quot;iso&quot;:&quot;0&quot;,&quot;shutter_speed&quot;:&quot;0&quot;,&quot;title&quot;:&quot;&quot;,&quot;orientation&quot;:&quot;0&quot;}\" data-image-title=\"carte_fd_blanc\" data-image-description=\"\" data-image-caption=\"\" data-medium-file=\"https:\/\/i0.wp.com\/www.medievalesbonaguil.fr\/current\/wp-content\/uploads\/2019\/06\/carte_fd_blanc.png?fit=222%2C235&amp;ssl=1\" data-large-file=\"https:\/\/i0.wp.com\/www.medievalesbonaguil.fr\/current\/wp-content\/uploads\/2019\/06\/carte_fd_blanc.png?fit=100%2C106&amp;ssl=1\" src=\"https:\/\/i0.wp.com\/www.medievalesbonaguil.fr\/current\/wp-content\/uploads\/2019\/06\/carte_fd_blanc.png?resize=222%2C235&#038;ssl=1\" alt=\"\" class=\"wp-image-649\" style=\"width:211px;height:223px\"\/><\/figure>\n<\/div>\n\n\n\n<div class=\"wp-block-column is-layout-flow wp-block-column-is-layout-flow\">\n<figure class=\"wp-block-image size-full is-resized\"><img data-recalc-dims=\"1\" loading=\"lazy\" decoding=\"async\" width=\"218\" height=\"159\" data-attachment-id=\"640\" data-permalink=\"https:\/\/www.medievalesbonaguil.fr\/current\/carte_bdx_tlse-2\/\" data-orig-file=\"https:\/\/i0.wp.com\/www.medievalesbonaguil.fr\/current\/wp-content\/uploads\/2019\/06\/carte_bdx_tlse.png?fit=218%2C159&amp;ssl=1\" data-orig-size=\"218,159\" data-comments-opened=\"1\" data-image-meta=\"{&quot;aperture&quot;:&quot;0&quot;,&quot;credit&quot;:&quot;&quot;,&quot;camera&quot;:&quot;&quot;,&quot;caption&quot;:&quot;&quot;,&quot;created_timestamp&quot;:&quot;0&quot;,&quot;copyright&quot;:&quot;&quot;,&quot;focal_length&quot;:&quot;0&quot;,&quot;iso&quot;:&quot;0&quot;,&quot;shutter_speed&quot;:&quot;0&quot;,&quot;title&quot;:&quot;&quot;,&quot;orientation&quot;:&quot;0&quot;}\" data-image-title=\"carte_bdx_tlse\" data-image-description=\"\" data-image-caption=\"\" data-medium-file=\"https:\/\/i0.wp.com\/www.medievalesbonaguil.fr\/current\/wp-content\/uploads\/2019\/06\/carte_bdx_tlse.png?fit=218%2C159&amp;ssl=1\" data-large-file=\"https:\/\/i0.wp.com\/www.medievalesbonaguil.fr\/current\/wp-content\/uploads\/2019\/06\/carte_bdx_tlse.png?fit=100%2C73&amp;ssl=1\" src=\"https:\/\/i0.wp.com\/www.medievalesbonaguil.fr\/current\/wp-content\/uploads\/2019\/06\/carte_bdx_tlse.png?resize=218%2C159&#038;ssl=1\" alt=\"\" class=\"wp-image-640\" style=\"width:322px;height:235px\"\/><\/figure>\n<\/div>\n\n\n\n<div class=\"wp-block-column is-layout-flow wp-block-column-is-layout-flow\">\n<figure class=\"wp-block-image size-full is-resized\"><img data-recalc-dims=\"1\" loading=\"lazy\" decoding=\"async\" width=\"648\" height=\"440\" data-attachment-id=\"583\" data-permalink=\"https:\/\/www.medievalesbonaguil.fr\/current\/renseignements\/carte_site1\/\" data-orig-file=\"https:\/\/i0.wp.com\/www.medievalesbonaguil.fr\/current\/wp-content\/uploads\/2019\/06\/carte_site1.jpg?fit=648%2C440&amp;ssl=1\" data-orig-size=\"648,440\" data-comments-opened=\"1\" data-image-meta=\"{&quot;aperture&quot;:&quot;0&quot;,&quot;credit&quot;:&quot;&quot;,&quot;camera&quot;:&quot;&quot;,&quot;caption&quot;:&quot;&quot;,&quot;created_timestamp&quot;:&quot;0&quot;,&quot;copyright&quot;:&quot;&quot;,&quot;focal_length&quot;:&quot;0&quot;,&quot;iso&quot;:&quot;0&quot;,&quot;shutter_speed&quot;:&quot;0&quot;,&quot;title&quot;:&quot;&quot;,&quot;orientation&quot;:&quot;0&quot;}\" data-image-title=\"carte_site1\" data-image-description=\"\" data-image-caption=\"\" data-medium-file=\"https:\/\/i0.wp.com\/www.medievalesbonaguil.fr\/current\/wp-content\/uploads\/2019\/06\/carte_site1.jpg?fit=300%2C204&amp;ssl=1\" data-large-file=\"https:\/\/i0.wp.com\/www.medievalesbonaguil.fr\/current\/wp-content\/uploads\/2019\/06\/carte_site1.jpg?fit=100%2C68&amp;ssl=1\" src=\"https:\/\/i0.wp.com\/www.medievalesbonaguil.fr\/current\/wp-content\/uploads\/2019\/06\/carte_site1.jpg?resize=648%2C440&#038;ssl=1\" alt=\"\" class=\"wp-image-583\" style=\"width:349px;height:236px\" srcset=\"https:\/\/i0.wp.com\/www.medievalesbonaguil.fr\/current\/wp-content\/uploads\/2019\/06\/carte_site1.jpg?w=648&amp;ssl=1 648w, https:\/\/i0.wp.com\/www.medievalesbonaguil.fr\/current\/wp-content\/uploads\/2019\/06\/carte_site1.jpg?resize=300%2C204&amp;ssl=1 300w\" sizes=\"auto, (max-width: 648px) 100vw, 648px\" \/><\/figure>\n<\/div>\n<\/div>\n\n\n<h4 style=\"text-align: center;\">Ch\u00e2teau de Bonaguil GPS : N : 44\u00b032\u201917\u201d E : 1\u00b0 00\u2019 52\u201d<\/h4>\n<h4 style=\"text-align: center;\">Ch\u00e2teau de Bonaguil:<\/h4>\n<h4 style=\"text-align: center;\">05 53 41 90 71<\/h4>\n<h4 style=\"text-align: center;\">Mail: <a href=\"mailto:accueil@bonaguil.fr\" target=\"_blank\" rel=\"noopener noreferrer\">accueil@bonaguil.fr<\/a><\/h4>\n<p style=\"text-align: center;\">&#8212;&#8212;&#8212;&#8212;&#8212;&#8212;&#8212;&#8212;&#8212;&#8211;<\/p>\n<h4 style=\"text-align: center;\">Sites:<\/h4>\n<h4 style=\"text-align: center;\"><a href=\"http:\/\/www.mairiedefumel.fr\/\">www.mairiedefumel.fr<\/a><br \/><a class=\"aligncenter\" href=\"http:\/\/www.chateau-bonaguil.com\/\/\" target=\"_blank\" rel=\"noopener noreferrer\">www.chateau-bonaguil.com<\/a><\/h4>\n<p style=\"text-align: center;\">&#8212;&#8212;&#8212;&#8212;&#8212;&#8212;&#8212;&#8212;&#8212;&#8211;<\/p>\n<h4 style=\"text-align: center;\"><a href=\"http:\/\/www.medievalesbonaguil.fr\">Association des m\u00e9di\u00e9vales des ch\u00e2teaux de Bonaguil-Fumel<\/a><\/h4>\n<h4 style=\"text-align: center;\"><a class=\"aligncenter\" href=\"http:\/\/www.medievalesbonaguil.fr\" target=\"_blank\" rel=\"noopener noreferrer\">www.medievalesbonaguil.fr<\/a>Mail: <a href=\"mailto:medievalesbonaguil@gmail.com\">medievalesbonaguil@gmail.com<\/a><\/h4>\n<h4 style=\"text-align: center;\">Salle des m\u00e9di\u00e9vales:<\/h4>\n<h4 style=\"text-align: center;\">Sous les arcades du ch\u00e2teau de Fumel (Mairie de Fumel).<\/h4>\n<h4 style=\"text-align: center;\">Les costumes peuvent \u00eatre lou\u00e9s toute l\u2019ann\u00e9e en t\u00e9l\u00e9phonant au :<\/h4>\n<h4 style=\"text-align: center;\">06 11 41 46 50 (HR)<\/h4>\n<h4 style=\"text-align: center;\">Pour les costumes, les paiements par cartes bancaires ou ch\u00e8ques vacances ne sont pas accept\u00e9s.<\/h4>","protected":false},"excerpt":{"rendered":"<p>Ch\u00e2teau de Bonaguil GPS : N : 44\u00b032\u201917\u201d E : 1\u00b0 00\u2019 52\u201d Ch\u00e2teau de Bonaguil: 05 53 41 90 71 Mail: accueil@bonaguil.fr &#8212;&#8212;&#8212;&#8212;&#8212;&#8212;&#8212;&#8212;&#8212;&#8211; Sites: www.mairiedefumel.frwww.chateau-bonaguil.com &#8212;&#8212;&#8212;&#8212;&#8212;&#8212;&#8212;&#8212;&#8212;&#8211; Association des m\u00e9di\u00e9vales des ch\u00e2teaux de Bonaguil-Fumel www.medievalesbonaguil.frMail: medievalesbonaguil@gmail.com Salle des m\u00e9di\u00e9vales: Sous les arcades du ch\u00e2teau de Fumel (Mairie de Fumel). Les costumes peuvent \u00eatre lou\u00e9s toute l\u2019ann\u00e9e en t\u00e9l\u00e9phonant au : 06 11 41 46 50 (HR) Pour les costumes, les paiements par cartes bancaires ou ch\u00e8ques vacances ne sont pas accept\u00e9s.<\/p>\n","protected":false},"author":1,"featured_media":0,"parent":0,"menu_order":0,"comment_status":"closed","ping_status":"closed","template":"","meta":{"footnotes":""},"class_list":["post-9","page","type-page","status-publish","hentry"],"jetpack_sharing_enabled":true,"_links":{"self":[{"href":"https:\/\/www.medievalesbonaguil.fr\/current\/wp-json\/wp\/v2\/pages\/9","targetHints":{"allow":["GET"]}}],"collection":[{"href":"https:\/\/www.medievalesbonaguil.fr\/current\/wp-json\/wp\/v2\/pages"}],"about":[{"href":"https:\/\/www.medievalesbonaguil.fr\/current\/wp-json\/wp\/v2\/types\/page"}],"author":[{"embeddable":true,"href":"https:\/\/www.medievalesbonaguil.fr\/current\/wp-json\/wp\/v2\/users\/1"}],"replies":[{"embeddable":true,"href":"https:\/\/www.medievalesbonaguil.fr\/current\/wp-json\/wp\/v2\/comments?post=9"}],"version-history":[{"count":43,"href":"https:\/\/www.medievalesbonaguil.fr\/current\/wp-json\/wp\/v2\/pages\/9\/revisions"}],"predecessor-version":[{"id":34956,"href":"https:\/\/www.medievalesbonaguil.fr\/current\/wp-json\/wp\/v2\/pages\/9\/revisions\/34956"}],"wp:attachment":[{"href":"https:\/\/www.medievalesbonaguil.fr\/current\/wp-json\/wp\/v2\/media?parent=9"}],"curies":[{"name":"wp","href":"https:\/\/api.w.org\/{rel}","templated":true}]}}